{"id":399,"date":"2021-03-31T14:39:16","date_gmt":"2021-03-31T11:39:16","guid":{"rendered":"https:\/\/www.kepezatesdoner.com\/online\/?post_type=product&#038;p=399"},"modified":"2026-01-03T15:12:27","modified_gmt":"2026-01-03T12:12:27","slug":"et-doner-servis","status":"publish","type":"product","link":"https:\/\/www.kepezatesdoner.com\/online\/urun\/et-doner-servis\/","title":{"rendered":"ET D\u00d6NER SERV\u0130S"},"content":{"rendered":"","protected":false},"excerpt":{"rendered":"","protected":false},"featured_media":319,"template":"","meta":[],"yoast_head":"<!-- This site is optimized with the Yoast SEO plugin v15.5 - https:\/\/yoast.com\/wordpress\/plugins\/seo\/ -->\n<title>ET D\u00d6NER SERV\u0130S - Kepez Ate\u015f D\u00f6ner<\/title>\n<meta name=\"robots\" content=\"index, follow, max-snippet:-1, max-image-preview:large, max-video-preview:-1\" \/>\n<link rel=\"canonical\" href=\"https:\/\/www.kepezatesdoner.com\/online\/urun\/et-doner-servis\/\" \/>\n<meta property=\"og:locale\" content=\"tr_TR\" \/>\n<meta property=\"og:type\" content=\"article\" \/>\n<meta property=\"og:title\" content=\"ET D\u00d6NER SERV\u0130S - Kepez Ate\u015f D\u00f6ner\" \/>\n<meta property=\"og:url\" content=\"https:\/\/www.kepezatesdoner.com\/online\/urun\/et-doner-servis\/\" \/>\n<meta property=\"og:site_name\" content=\"Kepez Ate\u015f D\u00f6ner\" \/>\n<meta property=\"article:modified_time\" content=\"2026-01-03T12:12:27+00:00\" \/>\n<meta property=\"og:image\" content=\"https:\/\/www.kepezatesdoner.com\/online\/wp-content\/uploads\/2021\/01\/15-1.jpg\" \/>\n\t<meta property=\"og:image:width\" content=\"300\" \/>\n\t<meta property=\"og:image:height\" content=\"300\" \/>\n<meta name=\"twitter:card\" content=\"summary_large_image\" \/>\n<script type=\"application\/ld+json\" class=\"yoast-schema-graph\">{\"@context\":\"https:\/\/schema.org\",\"@graph\":[{\"@type\":\"WebSite\",\"@id\":\"https:\/\/www.kepezatesdoner.com\/online\/#website\",\"url\":\"https:\/\/www.kepezatesdoner.com\/online\/\",\"name\":\"Kepez Ate\\u015f D\\u00f6ner\",\"description\":\"Covid-19&#039;a %99 Etkili\",\"potentialAction\":[{\"@type\":\"SearchAction\",\"target\":\"https:\/\/www.kepezatesdoner.com\/online\/?s={search_term_string}\",\"query-input\":\"required name=search_term_string\"}],\"inLanguage\":\"tr\"},{\"@type\":\"ImageObject\",\"@id\":\"https:\/\/www.kepezatesdoner.com\/online\/urun\/et-doner-servis\/#primaryimage\",\"inLanguage\":\"tr\",\"url\":\"https:\/\/www.kepezatesdoner.com\/online\/wp-content\/uploads\/2021\/01\/15-1.jpg\",\"width\":300,\"height\":300},{\"@type\":\"WebPage\",\"@id\":\"https:\/\/www.kepezatesdoner.com\/online\/urun\/et-doner-servis\/#webpage\",\"url\":\"https:\/\/www.kepezatesdoner.com\/online\/urun\/et-doner-servis\/\",\"name\":\"ET D\\u00d6NER SERV\\u0130S - Kepez Ate\\u015f D\\u00f6ner\",\"isPartOf\":{\"@id\":\"https:\/\/www.kepezatesdoner.com\/online\/#website\"},\"primaryImageOfPage\":{\"@id\":\"https:\/\/www.kepezatesdoner.com\/online\/urun\/et-doner-servis\/#primaryimage\"},\"datePublished\":\"2021-03-31T11:39:16+00:00\",\"dateModified\":\"2026-01-03T12:12:27+00:00\",\"inLanguage\":\"tr\",\"potentialAction\":[{\"@type\":\"ReadAction\",\"target\":[\"https:\/\/www.kepezatesdoner.com\/online\/urun\/et-doner-servis\/\"]}]}]}<\/script>\n<!-- \/ Yoast SEO plugin. -->","_links":{"self":[{"href":"https:\/\/www.kepezatesdoner.com\/online\/wp-json\/wp\/v2\/product\/399"}],"collection":[{"href":"https:\/\/www.kepezatesdoner.com\/online\/wp-json\/wp\/v2\/product"}],"about":[{"href":"https:\/\/www.kepezatesdoner.com\/online\/wp-json\/wp\/v2\/types\/product"}],"wp:featuredmedia":[{"embeddable":true,"href":"https:\/\/www.kepezatesdoner.com\/online\/wp-json\/wp\/v2\/media\/319"}],"wp:attachment":[{"href":"https:\/\/www.kepezatesdoner.com\/online\/wp-json\/wp\/v2\/media?parent=399"}],"curies":[{"name":"wp","href":"https:\/\/api.w.org\/{rel}","templated":true}]}}