{"id":365,"date":"2021-03-31T12:26:39","date_gmt":"2021-03-31T09:26:39","guid":{"rendered":"https:\/\/www.kepezatesdoner.com\/online\/?post_type=product&#038;p=365"},"modified":"2026-01-03T15:18:41","modified_gmt":"2026-01-03T12:18:41","slug":"sise-gazoz-nigde","status":"publish","type":"product","link":"https:\/\/www.kepezatesdoner.com\/online\/urun\/sise-gazoz-nigde\/","title":{"rendered":"\u015e\u0130\u015eE GAZOZ (N\u0130\u011eDE)"},"content":{"rendered":"","protected":false},"excerpt":{"rendered":"","protected":false},"featured_media":379,"template":"","meta":[],"yoast_head":"<!-- This site is optimized with the Yoast SEO plugin v15.5 - https:\/\/yoast.com\/wordpress\/plugins\/seo\/ -->\n<title>\u015e\u0130\u015eE GAZOZ (N\u0130\u011eDE) - Kepez Ate\u015f D\u00f6ner<\/title>\n<meta name=\"robots\" content=\"index, follow, max-snippet:-1, max-image-preview:large, max-video-preview:-1\" \/>\n<link rel=\"canonical\" href=\"https:\/\/www.kepezatesdoner.com\/online\/urun\/sise-gazoz-nigde\/\" \/>\n<meta property=\"og:locale\" content=\"tr_TR\" \/>\n<meta property=\"og:type\" content=\"article\" \/>\n<meta property=\"og:title\" content=\"\u015e\u0130\u015eE GAZOZ (N\u0130\u011eDE) - Kepez Ate\u015f D\u00f6ner\" \/>\n<meta property=\"og:url\" content=\"https:\/\/www.kepezatesdoner.com\/online\/urun\/sise-gazoz-nigde\/\" \/>\n<meta property=\"og:site_name\" content=\"Kepez Ate\u015f D\u00f6ner\" \/>\n<meta property=\"article:modified_time\" content=\"2026-01-03T12:18:41+00:00\" \/>\n<meta property=\"og:image\" content=\"https:\/\/www.kepezatesdoner.com\/online\/wp-content\/uploads\/2021\/03\/nigdegazoz.jpg\" \/>\n\t<meta property=\"og:image:width\" content=\"249\" \/>\n\t<meta property=\"og:image:height\" content=\"453\" \/>\n<meta name=\"twitter:card\" content=\"summary_large_image\" \/>\n<script type=\"application\/ld+json\" class=\"yoast-schema-graph\">{\"@context\":\"https:\/\/schema.org\",\"@graph\":[{\"@type\":\"WebSite\",\"@id\":\"https:\/\/www.kepezatesdoner.com\/online\/#website\",\"url\":\"https:\/\/www.kepezatesdoner.com\/online\/\",\"name\":\"Kepez Ate\\u015f D\\u00f6ner\",\"description\":\"Covid-19&#039;a %99 Etkili\",\"potentialAction\":[{\"@type\":\"SearchAction\",\"target\":\"https:\/\/www.kepezatesdoner.com\/online\/?s={search_term_string}\",\"query-input\":\"required name=search_term_string\"}],\"inLanguage\":\"tr\"},{\"@type\":\"ImageObject\",\"@id\":\"https:\/\/www.kepezatesdoner.com\/online\/urun\/sise-gazoz-nigde\/#primaryimage\",\"inLanguage\":\"tr\",\"url\":\"https:\/\/www.kepezatesdoner.com\/online\/wp-content\/uploads\/2021\/03\/nigdegazoz.jpg\",\"width\":249,\"height\":453},{\"@type\":\"WebPage\",\"@id\":\"https:\/\/www.kepezatesdoner.com\/online\/urun\/sise-gazoz-nigde\/#webpage\",\"url\":\"https:\/\/www.kepezatesdoner.com\/online\/urun\/sise-gazoz-nigde\/\",\"name\":\"\\u015e\\u0130\\u015eE GAZOZ (N\\u0130\\u011eDE) - Kepez Ate\\u015f D\\u00f6ner\",\"isPartOf\":{\"@id\":\"https:\/\/www.kepezatesdoner.com\/online\/#website\"},\"primaryImageOfPage\":{\"@id\":\"https:\/\/www.kepezatesdoner.com\/online\/urun\/sise-gazoz-nigde\/#primaryimage\"},\"datePublished\":\"2021-03-31T09:26:39+00:00\",\"dateModified\":\"2026-01-03T12:18:41+00:00\",\"inLanguage\":\"tr\",\"potentialAction\":[{\"@type\":\"ReadAction\",\"target\":[\"https:\/\/www.kepezatesdoner.com\/online\/urun\/sise-gazoz-nigde\/\"]}]}]}<\/script>\n<!-- \/ Yoast SEO plugin. -->","_links":{"self":[{"href":"https:\/\/www.kepezatesdoner.com\/online\/wp-json\/wp\/v2\/product\/365"}],"collection":[{"href":"https:\/\/www.kepezatesdoner.com\/online\/wp-json\/wp\/v2\/product"}],"about":[{"href":"https:\/\/www.kepezatesdoner.com\/online\/wp-json\/wp\/v2\/types\/product"}],"wp:featuredmedia":[{"embeddable":true,"href":"https:\/\/www.kepezatesdoner.com\/online\/wp-json\/wp\/v2\/media\/379"}],"wp:attachment":[{"href":"https:\/\/www.kepezatesdoner.com\/online\/wp-json\/wp\/v2\/media?parent=365"}],"curies":[{"name":"wp","href":"https:\/\/api.w.org\/{rel}","templated":true}]}}