{"id":11,"date":"2020-03-28T11:38:27","date_gmt":"2020-03-28T08:38:27","guid":{"rendered":"https:\/\/www.kepezatesdoner.com\/online\/hesabim\/"},"modified":"2020-03-28T11:38:27","modified_gmt":"2020-03-28T08:38:27","slug":"hesabim","status":"publish","type":"page","link":"https:\/\/www.kepezatesdoner.com\/online\/hesabim\/","title":{"rendered":"Hesab\u0131m"},"content":{"rendered":"<div class=\"woocommerce\"><\/div>\n","protected":false},"excerpt":{"rendered":"","protected":false},"author":1,"featured_media":0,"parent":0,"menu_order":0,"comment_status":"closed","ping_status":"closed","template":"","meta":[],"yoast_head":"<!-- This site is optimized with the Yoast SEO plugin v15.5 - https:\/\/yoast.com\/wordpress\/plugins\/seo\/ -->\n<title>Hesab\u0131m - Kepez Ate\u015f D\u00f6ner<\/title>\n<meta name=\"robots\" content=\"index, follow, max-snippet:-1, max-image-preview:large, max-video-preview:-1\" \/>\n<link rel=\"canonical\" href=\"https:\/\/www.kepezatesdoner.com\/online\/hesabim\/\" \/>\n<meta property=\"og:locale\" content=\"tr_TR\" \/>\n<meta property=\"og:type\" content=\"article\" \/>\n<meta property=\"og:title\" content=\"Hesab\u0131m - Kepez Ate\u015f D\u00f6ner\" \/>\n<meta property=\"og:url\" content=\"https:\/\/www.kepezatesdoner.com\/online\/hesabim\/\" \/>\n<meta property=\"og:site_name\" content=\"Kepez Ate\u015f D\u00f6ner\" \/>\n<meta name=\"twitter:card\" content=\"summary_large_image\" \/>\n<meta name=\"twitter:label1\" content=\"Tahmini okuma s\u00fcresi\">\n\t<meta name=\"twitter:data1\" content=\"0 dakika\">\n<script type=\"application\/ld+json\" class=\"yoast-schema-graph\">{\"@context\":\"https:\/\/schema.org\",\"@graph\":[{\"@type\":\"WebSite\",\"@id\":\"https:\/\/www.kepezatesdoner.com\/online\/#website\",\"url\":\"https:\/\/www.kepezatesdoner.com\/online\/\",\"name\":\"Kepez Ate\\u015f D\\u00f6ner\",\"description\":\"Covid-19&#039;a %99 Etkili\",\"potentialAction\":[{\"@type\":\"SearchAction\",\"target\":\"https:\/\/www.kepezatesdoner.com\/online\/?s={search_term_string}\",\"query-input\":\"required name=search_term_string\"}],\"inLanguage\":\"tr\"},{\"@type\":\"WebPage\",\"@id\":\"https:\/\/www.kepezatesdoner.com\/online\/hesabim\/#webpage\",\"url\":\"https:\/\/www.kepezatesdoner.com\/online\/hesabim\/\",\"name\":\"Hesab\\u0131m - Kepez Ate\\u015f D\\u00f6ner\",\"isPartOf\":{\"@id\":\"https:\/\/www.kepezatesdoner.com\/online\/#website\"},\"datePublished\":\"2020-03-28T08:38:27+00:00\",\"dateModified\":\"2020-03-28T08:38:27+00:00\",\"inLanguage\":\"tr\",\"potentialAction\":[{\"@type\":\"ReadAction\",\"target\":[\"https:\/\/www.kepezatesdoner.com\/online\/hesabim\/\"]}]}]}<\/script>\n<!-- \/ Yoast SEO plugin. -->","_links":{"self":[{"href":"https:\/\/www.kepezatesdoner.com\/online\/wp-json\/wp\/v2\/pages\/11"}],"collection":[{"href":"https:\/\/www.kepezatesdoner.com\/online\/wp-json\/wp\/v2\/pages"}],"about":[{"href":"https:\/\/www.kepezatesdoner.com\/online\/wp-json\/wp\/v2\/types\/page"}],"author":[{"embeddable":true,"href":"https:\/\/www.kepezatesdoner.com\/online\/wp-json\/wp\/v2\/users\/1"}],"replies":[{"embeddable":true,"href":"https:\/\/www.kepezatesdoner.com\/online\/wp-json\/wp\/v2\/comments?post=11"}],"version-history":[{"count":0,"href":"https:\/\/www.kepezatesdoner.com\/online\/wp-json\/wp\/v2\/pages\/11\/revisions"}],"wp:attachment":[{"href":"https:\/\/www.kepezatesdoner.com\/online\/wp-json\/wp\/v2\/media?parent=11"}],"curies":[{"name":"wp","href":"https:\/\/api.w.org\/{rel}","templated":true}]}}